{"id":6,"date":"2019-10-31T12:38:50","date_gmt":"2019-10-31T11:38:50","guid":{"rendered":"https:\/\/lepreduroy943671901.wordpress.com\/?page_id=2"},"modified":"2024-05-05T18:42:28","modified_gmt":"2024-05-05T16:42:28","slug":"home","status":"publish","type":"page","link":"https:\/\/lepreduroyecurie.fr\/","title":{"rendered":"Accueil &#8211; Le Pr\u00e9 du Roy"},"content":{"rendered":"\n<div class=\"wp-block-cover alignfull is-light has-custom-content-position is-position-top-left\"><span aria-hidden=\"true\" class=\"wp-block-cover__background has-background-dim-0 has-background-dim\"><\/span><img loading=\"lazy\" decoding=\"async\" width=\"1654\" height=\"1810\" class=\"wp-block-cover__image-background wp-image-190\" src=\"https:\/\/lepreduroyecurie.fr\/wp-content\/uploads\/2021\/05\/184590752_3609206665850609_2519692629329762334_n.jpg\" data-object-fit=\"cover\" srcset=\"https:\/\/lepreduroyecurie.fr\/wp-content\/uploads\/2021\/05\/184590752_3609206665850609_2519692629329762334_n.jpg 1654w, https:\/\/lepreduroyecurie.fr\/wp-content\/uploads\/2021\/05\/184590752_3609206665850609_2519692629329762334_n-274x300.jpg 274w, https:\/\/lepreduroyecurie.fr\/wp-content\/uploads\/2021\/05\/184590752_3609206665850609_2519692629329762334_n-936x1024.jpg 936w, https:\/\/lepreduroyecurie.fr\/wp-content\/uploads\/2021\/05\/184590752_3609206665850609_2519692629329762334_n-768x840.jpg 768w, https:\/\/lepreduroyecurie.fr\/wp-content\/uploads\/2021\/05\/184590752_3609206665850609_2519692629329762334_n-1404x1536.jpg 1404w, https:\/\/lepreduroyecurie.fr\/wp-content\/uploads\/2021\/05\/184590752_3609206665850609_2519692629329762334_n-1568x1716.jpg 1568w\" sizes=\"auto, (max-width: 1654px) 100vw, 1654px\" \/><div class=\"wp-block-cover__inner-container is-layout-flow wp-block-cover-is-layout-flow\">\n<div class=\"wp-block-columns is-layout-flex wp-container-core-columns-is-layout-9d6595d7 wp-block-columns-is-layout-flex\">\n<div class=\"wp-block-column is-layout-flow wp-block-column-is-layout-flow\" style=\"flex-basis:100%\"><div class=\"wp-block-image\">\n<figure class=\"alignleft size-large is-resized\"><img loading=\"lazy\" decoding=\"async\" width=\"1024\" height=\"783\" src=\"https:\/\/lepreduroyecurie.fr\/wp-content\/uploads\/2019\/10\/logo-complet-fini-01-1024x783.png\" alt=\"\" class=\"wp-image-17\" style=\"width:502px;height:384px\" srcset=\"https:\/\/lepreduroyecurie.fr\/wp-content\/uploads\/2019\/10\/logo-complet-fini-01-1024x783.png 1024w, https:\/\/lepreduroyecurie.fr\/wp-content\/uploads\/2019\/10\/logo-complet-fini-01-300x229.png 300w, https:\/\/lepreduroyecurie.fr\/wp-content\/uploads\/2019\/10\/logo-complet-fini-01-768x587.png 768w, https:\/\/lepreduroyecurie.fr\/wp-content\/uploads\/2019\/10\/logo-complet-fini-01-1536x1174.png 1536w, https:\/\/lepreduroyecurie.fr\/wp-content\/uploads\/2019\/10\/logo-complet-fini-01-2048x1565.png 2048w, https:\/\/lepreduroyecurie.fr\/wp-content\/uploads\/2019\/10\/logo-complet-fini-01-1200x917.png 1200w, https:\/\/lepreduroyecurie.fr\/wp-content\/uploads\/2019\/10\/logo-complet-fini-01-1980x1513.png 1980w\" sizes=\"auto, (max-width: 1024px) 100vw, 1024px\" \/><\/figure>\n<\/div><\/div>\n<\/div>\n<\/div><\/div>\n\n\n\n<div class=\"wp-block-group alignwide\"><div class=\"wp-block-group__inner-container is-layout-flow wp-block-group-is-layout-flow\">\n<div class=\"wp-block-group alignwide\"><div class=\"wp-block-group__inner-container is-layout-flow wp-block-group-is-layout-flow\">\n<p>Le Pr\u00e9 du Roy est une \u00e9curie de propri\u00e9taires situ\u00e9e \u00e0 Sauviat au coeur du Livradois-Forez, \u00e0 30 minutes d&rsquo;Ambert, \u00e0 35 minutes de Clermont-Ferrand via la A89, \u00e0 15 minutes de Thiers et \u00e0 25 minutes de Noir\u00e9table.<br><br>Nous disposons de 15 hectares dans un cadre calme et une ambiance conviviale.<\/p>\n\n\n<div class=\"wp-block-image\">\n<figure class=\"aligncenter size-large is-resized\"><img loading=\"lazy\" decoding=\"async\" width=\"1024\" height=\"1024\" src=\"https:\/\/lepreduroyecurie.fr\/wp-content\/uploads\/2020\/03\/87941496_10219070615534001_310451553393704960_o-1024x1024.jpg\" alt=\"\" class=\"wp-image-133\" style=\"width:520px;height:520px\" srcset=\"https:\/\/lepreduroyecurie.fr\/wp-content\/uploads\/2020\/03\/87941496_10219070615534001_310451553393704960_o-1024x1024.jpg 1024w, https:\/\/lepreduroyecurie.fr\/wp-content\/uploads\/2020\/03\/87941496_10219070615534001_310451553393704960_o-300x300.jpg 300w, https:\/\/lepreduroyecurie.fr\/wp-content\/uploads\/2020\/03\/87941496_10219070615534001_310451553393704960_o-150x150.jpg 150w, https:\/\/lepreduroyecurie.fr\/wp-content\/uploads\/2020\/03\/87941496_10219070615534001_310451553393704960_o-768x767.jpg 768w, https:\/\/lepreduroyecurie.fr\/wp-content\/uploads\/2020\/03\/87941496_10219070615534001_310451553393704960_o.jpg 1440w\" sizes=\"auto, (max-width: 1024px) 100vw, 1024px\" \/><\/figure>\n<\/div>\n\n\n<p><\/p>\n\n\n\n<p>Vous aurez \u00e0 votre disposition : <\/p>\n\n\n\n<ul class=\"wp-block-list\">\n<li>une carri\u00e8re de 25&#215;35 m\u00e8tres en sable dot\u00e9e de divers \u00e9quipements (lettres, obstacles, mat\u00e9riel \u00e9quifeel,&#8230;)<\/li>\n\n\n\n<li>une sellerie avec placards individuels<\/li>\n\n\n\n<li>des boxes de 3,5&#215;4,5 m\u00e8tres<\/li>\n\n\n\n<li>une aire de pansage ext\u00e9rieure et int\u00e9rieure<\/li>\n\n\n\n<li>de nombreux chemins de balade<\/li>\n<\/ul>\n\n\n\n<p>Par ailleurs, nous r\u00e9alisons notre propre production fourrag\u00e8re.<\/p>\n\n\n\n<p>Vous pourrez \u00e9galement \u00eatre encadr\u00e9s par une monitrice dipl\u00f4m\u00e9e d&rsquo;\u00e9tat pour vous accompagner dans le travail de votre cheval.<\/p>\n\n\n<div class=\"wp-block-image\">\n<figure class=\"aligncenter size-large is-resized\"><img loading=\"lazy\" decoding=\"async\" width=\"819\" height=\"1024\" src=\"https:\/\/lepreduroyecurie.fr\/wp-content\/uploads\/2022\/01\/IMG_20211221_110055_540-819x1024.jpg\" alt=\"\" class=\"wp-image-278\" style=\"width:614px;height:768px\" srcset=\"https:\/\/lepreduroyecurie.fr\/wp-content\/uploads\/2022\/01\/IMG_20211221_110055_540-819x1024.jpg 819w, https:\/\/lepreduroyecurie.fr\/wp-content\/uploads\/2022\/01\/IMG_20211221_110055_540-240x300.jpg 240w, https:\/\/lepreduroyecurie.fr\/wp-content\/uploads\/2022\/01\/IMG_20211221_110055_540-768x960.jpg 768w, https:\/\/lepreduroyecurie.fr\/wp-content\/uploads\/2022\/01\/IMG_20211221_110055_540-1229x1536.jpg 1229w, https:\/\/lepreduroyecurie.fr\/wp-content\/uploads\/2022\/01\/IMG_20211221_110055_540-1638x2048.jpg 1638w, https:\/\/lepreduroyecurie.fr\/wp-content\/uploads\/2022\/01\/IMG_20211221_110055_540-1568x1960.jpg 1568w, https:\/\/lepreduroyecurie.fr\/wp-content\/uploads\/2022\/01\/IMG_20211221_110055_540-scaled.jpg 2048w\" sizes=\"auto, (max-width: 819px) 100vw, 819px\" \/><\/figure>\n<\/div><\/div><\/div>\n<\/div><\/div>\n\n\n\n<p class=\"has-small-font-size\">Copyright Le Pr\u00e9 du Roy &#8211; Tous droits r\u00e9serv\u00e9s<br><\/p>\n","protected":false},"excerpt":{"rendered":"<p>Le Pr\u00e9 du Roy est une \u00e9curie de propri\u00e9taires situ\u00e9e \u00e0 Sauviat au coeur du Livradois-Forez, \u00e0 30 minutes d&rsquo;Ambert, \u00e0 35 minutes de Clermont-Ferrand via la A89, \u00e0 15 minutes de Thiers et \u00e0 25 minutes de Noir\u00e9table. Nous disposons de 15 hectares dans un cadre calme et une ambiance conviviale. Vous aurez \u00e0<a class=\"more-link\" href=\"https:\/\/lepreduroyecurie.fr\/\">Lire la suite <span class=\"screen-reader-text\">\u00ab\u00a0Accueil &#8211; Le Pr\u00e9 du Roy\u00a0\u00bb<\/span><\/a><\/p>\n","protected":false},"author":1,"featured_media":0,"parent":0,"menu_order":1,"comment_status":"closed","ping_status":"closed","template":"","meta":{"footnotes":""},"class_list":["post-6","page","type-page","status-publish","hentry","entry"],"_links":{"self":[{"href":"https:\/\/lepreduroyecurie.fr\/index.php?rest_route=\/wp\/v2\/pages\/6","targetHints":{"allow":["GET"]}}],"collection":[{"href":"https:\/\/lepreduroyecurie.fr\/index.php?rest_route=\/wp\/v2\/pages"}],"about":[{"href":"https:\/\/lepreduroyecurie.fr\/index.php?rest_route=\/wp\/v2\/types\/page"}],"author":[{"embeddable":true,"href":"https:\/\/lepreduroyecurie.fr\/index.php?rest_route=\/wp\/v2\/users\/1"}],"replies":[{"embeddable":true,"href":"https:\/\/lepreduroyecurie.fr\/index.php?rest_route=%2Fwp%2Fv2%2Fcomments&post=6"}],"version-history":[{"count":16,"href":"https:\/\/lepreduroyecurie.fr\/index.php?rest_route=\/wp\/v2\/pages\/6\/revisions"}],"predecessor-version":[{"id":361,"href":"https:\/\/lepreduroyecurie.fr\/index.php?rest_route=\/wp\/v2\/pages\/6\/revisions\/361"}],"wp:attachment":[{"href":"https:\/\/lepreduroyecurie.fr\/index.php?rest_route=%2Fwp%2Fv2%2Fmedia&parent=6"}],"curies":[{"name":"wp","href":"https:\/\/api.w.org\/{rel}","templated":true}]}}