{"id":65,"date":"2019-10-31T13:43:54","date_gmt":"2019-10-31T12:43:54","guid":{"rendered":"https:\/\/lepreduroy943671901.wordpress.com\/?page_id=65"},"modified":"2020-03-06T11:41:08","modified_gmt":"2020-03-06T10:41:08","slug":"contact","status":"publish","type":"page","link":"https:\/\/lepreduroyecurie.fr\/?page_id=65","title":{"rendered":"Contact"},"content":{"rendered":"\n<h2 class=\"wp-block-heading\">Contactez-nous<\/h2>\n\n\n\n<p><strong>Le Pr\u00e9 du Roy<\/strong><br>63120 Sauviat<br><br><strong>T\u00e9l\u00e9phone :<\/strong> 06 63 68 80 91<\/p>\n\n\n\n<p><strong>Mail :<\/strong> manu.burias@gmail.com<br><\/p>\n\n\n<p><iframe loading=\"lazy\" src=\"https:\/\/www.google.com\/maps\/embed?pb=!1m18!1m12!1m3!1d2785.755632786851!2d3.5550143164035153!3d45.71593897910487!2m3!1f0!2f0!3f0!3m2!1i1024!2i768!4f13.1!3m3!1m2!1s0x47f6925e29d4d147%3A0x5d623e8aca9a83ae!2sPr%C3%A9%20du%20Roy%2C%2063120%20Sauviat!5e0!3m2!1sfr!2sfr!4v1583477369813!5m2!1sfr!2sfr\" width=\"600\" height=\"450\" frameborder=\"0\" style=\"border:0;\" allowfullscreen=\"\"><\/iframe><\/p>\n","protected":false},"excerpt":{"rendered":"<p>Contactez-nous Le Pr\u00e9 du Roy63120 Sauviat T\u00e9l\u00e9phone : 06 63 68 80 91 Mail : manu.burias@gmail.com<\/p>\n","protected":false},"author":1,"featured_media":0,"parent":0,"menu_order":0,"comment_status":"closed","ping_status":"closed","template":"","meta":{"footnotes":""},"class_list":["post-65","page","type-page","status-publish","hentry","entry"],"_links":{"self":[{"href":"https:\/\/lepreduroyecurie.fr\/index.php?rest_route=\/wp\/v2\/pages\/65","targetHints":{"allow":["GET"]}}],"collection":[{"href":"https:\/\/lepreduroyecurie.fr\/index.php?rest_route=\/wp\/v2\/pages"}],"about":[{"href":"https:\/\/lepreduroyecurie.fr\/index.php?rest_route=\/wp\/v2\/types\/page"}],"author":[{"embeddable":true,"href":"https:\/\/lepreduroyecurie.fr\/index.php?rest_route=\/wp\/v2\/users\/1"}],"replies":[{"embeddable":true,"href":"https:\/\/lepreduroyecurie.fr\/index.php?rest_route=%2Fwp%2Fv2%2Fcomments&post=65"}],"version-history":[{"count":6,"href":"https:\/\/lepreduroyecurie.fr\/index.php?rest_route=\/wp\/v2\/pages\/65\/revisions"}],"predecessor-version":[{"id":119,"href":"https:\/\/lepreduroyecurie.fr\/index.php?rest_route=\/wp\/v2\/pages\/65\/revisions\/119"}],"wp:attachment":[{"href":"https:\/\/lepreduroyecurie.fr\/index.php?rest_route=%2Fwp%2Fv2%2Fmedia&parent=65"}],"curies":[{"name":"wp","href":"https:\/\/api.w.org\/{rel}","templated":true}]}}